{"id":51,"date":"2021-01-08T14:19:30","date_gmt":"2021-01-08T14:19:30","guid":{"rendered":"https:\/\/actiris.interepargne.natixis.com\/?page_id=51"},"modified":"2023-09-22T13:50:44","modified_gmt":"2023-09-22T13:50:44","slug":"privacy-policy","status":"publish","type":"page","link":"https:\/\/actiris.interepargne.natixis.com\/fr\/privacy-policy\/","title":{"rendered":"Mentions l\u00e9gales"},"content":{"rendered":"<div class=\"legal\">\r\n<h1 class=\"text-center\">Mentions l\u00e9gales<\/h1>\r\n<div>\r\n<div class=\"wysiwyg actiris\">\r\n<p>Vous \u00eates actuellement connect\u00e9 au site de pr\u00e9sentation d\u2019Actiris qui est la propri\u00e9t\u00e9 exclusive de Natixis Inter\u00e9pargne.<\/p>\r\n<p>NATIXIS INTEREPARGNE se r\u00e9serve le droit de modifier ou d\u2019adapter \u00e0 tout moment les mentions l\u00e9gales (en ce compris les conditions g\u00e9n\u00e9rales d\u2019utilisation du site). Vous \u00eates donc invit\u00e9s \u00e0 les consulter r\u00e9guli\u00e8rement.<\/p>\r\n<p><strong>D\u00e9nomination sociale<\/strong>\u00a0:\u00a0Natixis Inter\u00e9pargne, Soci\u00e9t\u00e9 Anonyme \u00e0 Conseil d\u2019administration au capital de 8 890 784 euros,<br \/>immatricul\u00e9e au RCS de Paris sous le num\u00e9ro B 692 012\u00a0669.<\/p>\r\n<p>Si\u00e8ge social :\u00a030 avenue Pierre Mend\u00e8s-France, 75013 Paris<\/p>\r\n<p>T\u00e9l. : 01.58.19.43.00<\/p>\r\n<p>Nomenclature d\u2019Activit\u00e9s Fran\u00e7aises : 6419Z<\/p>\r\n<p>Num\u00e9ro de TVA intracommunautaire : FR78692012669<\/p>\r\n<p>Adresse E-mail :\u00a0nie-webmaster@natixis.com<\/p>\r\n<p><strong>Entreprise d\u2019investissement agr\u00e9\u00e9e en France par l\u2019ACPR (Autorit\u00e9 de Contr\u00f4le Prudentiel et de R\u00e9solution)<\/strong>\u00a0:<\/p>\r\n<p>61, rue Taitbout \u2013 75436 Paris Cedex 09<\/p>\r\n<p>NATIXIS INTEREPARGNE, dans le cadre de ses activit\u00e9s de teneur de comptes-conservateur de parts, est soumis au Code Mon\u00e9taire et Financier.<br \/>Adh\u00e9rent \u00e0 l\u2019AFG (Association Fran\u00e7aise de la Gestion financi\u00e8re).<\/p>\r\n<p><strong>Directeur de publication<\/strong>\u00a0:\u00a0Damien CL\u00c9RIS<br \/><br \/><strong>Responsable de la r\u00e9daction<\/strong>\u00a0:\u00a0Patrick B\u00c9HANZIN<br \/><br \/><strong>Propri\u00e9taire de l&#8217;entreprise<\/strong>\u00a0:\u00a0Natixis Inter\u00e9pargne est d\u00e9tenue par Natixis \u00e0 100%<br \/><br \/><strong>H\u00e9bergeur du site internet :\u00a0<\/strong><\/p>\r\n<p>Natixis Alta\u00efr IT Shared Services,\u00a04, rue Charles Gounod,\u00a077185 LOGNES.<\/p>\r\n<p>T\u00e9l.\u00a0: 01.58.19.11.00<\/p>\r\n<p><strong>R\u00e9servation des noms de domaine\u00a0 :<\/strong><\/p>\r\n<ul>\r\n<li>www.actiris.fr, d\u00e9pos\u00e9 par NATIXIS le 10\/06\/2010<\/li>\r\n<li>www.interepargne.natixis.com, d\u00e9pos\u00e9 par NATIXIS INTEREPARGNE le 20\/10\/2006<\/li>\r\n<\/ul>\r\n<p>&nbsp;<\/p>\r\n<p><strong>D\u00e9claration \u00e0 la CNIL :<\/strong><\/p>\r\n<p>Les donn\u00e9es personnelles collect\u00e9es dans le cadre de ce site ont fait l&#8217;objet d\u2019une inscription au registre des traitements, en application des dispositions de la loi fran\u00e7aise N\u00b078-17 du 6 janvier 1978 modifi\u00e9e. Vous pouvez obtenir les renseignements n\u00e9cessaires aupr\u00e8s de cet organisme\u00a0<a href=\"http:\/\/www.cnil.fr\/\" target=\"_blank\" rel=\"noopener noreferrer\">www.cnil.fr<\/a>.<\/p>\r\n<p><strong>Conditions d&#8217;acc\u00e8s et d&#8217;utilisation<\/strong><\/p>\r\n<p>L&#8217;utilisateur du site reconna\u00eet avoir pris connaissance des pr\u00e9sentes informations l\u00e9gales et s&#8217;engage \u00e0 les respecter.<\/p>\r\n<p>Pour des raisons de maintenance mais \u00e9galement en cas de force majeure, difficult\u00e9s informatiques, difficult\u00e9s li\u00e9es aux r\u00e9seaux de t\u00e9l\u00e9communications ou autres difficult\u00e9s techniques, l\u2019Editeur pourra interrompre l&#8217;acc\u00e8s au site et ne saurait \u00eatre tenu responsable de l&#8217;impossibilit\u00e9 d&#8217;acc\u00e9der au pr\u00e9sent site.<\/p>\r\n<p>L&#8217;acc\u00e8s \u00e0 tout ou partie des produits et services d\u00e9crits sur ce site peut faire l&#8217;objet de restrictions \u00e0 l&#8217;\u00e9gard de certaines personnes ou de certains pays. Aucun des produits ou services pr\u00e9sent\u00e9s ici ne sera fourni \u00e0 une personne si la loi de son pays d&#8217;origine, ou de tout autre pays qui la concernerait, l&#8217;interdit.<\/p>\r\n<p><strong>Informations mises \u00e0 disposition sur le site ou sur les sites tiers r\u00e9f\u00e9renc\u00e9s<\/strong><\/p>\r\n<p>L\u2019Editeur s&#8217;efforce d&#8217;assurer l&#8217;exactitude et la mise \u00e0 jour des informations \u00e0 caract\u00e8re g\u00e9n\u00e9ral, notamment financi\u00e8res, diffus\u00e9es sur ce site, dont elle se r\u00e9serve le droit de modifier et corriger le contenu \u00e0 tout moment et sans pr\u00e9avis. En cons\u00e9quence, l\u2019Editeur ne garantit en aucune fa\u00e7on la compl\u00e9tude, la pr\u00e9cision, l\u2019exactitude, l\u2019exhaustivit\u00e9 ou l\u2019ad\u00e9quation, des informations mises \u00e0 disposition sur ce site, y compris l\u2019ensemble des liens hypertextes ou toute autre liaison informatique utilis\u00e9e, directement ou indirectement, \u00e0 partir de ce site.<\/p>\r\n<p>Les performances des produits d&#8217;\u00e9pargne et de placement indiqu\u00e9es sur ce site ne sont que le reflet d&#8217;une situation constat\u00e9e \u00e0 un instant donn\u00e9 et ne sauraient, en aucun cas, pr\u00e9juger de l&#8217;\u00e9volution des taux et des cours des produits concern\u00e9s. A cet \u00e9gard, l\u2019Editeur d\u00e9cline toute responsabilit\u00e9 dans l&#8217;utilisation qui pourrait \u00eatre faite de ces informations et des cons\u00e9quences qui pourraient en d\u00e9couler, notamment au niveau des d\u00e9cisions qui pourraient \u00eatre prises ou des actions qui pourraient \u00eatre entreprises \u00e0 partir desdites informations. Vous demeurez seul et unique responsable de l&#8217;usage des informations et des r\u00e9sultats obtenus \u00e0 partir de ces informations.<\/p>\r\n<p>L\u2019Editeur attire tout particuli\u00e8rement votre attention sur le fait que l&#8217;utilisation et l&#8217;interpr\u00e9tation des informations relatives aux produits financiers peut parfois n\u00e9cessiter des connaissances sp\u00e9cifiques et approfondies. Il appartient \u00e0 toute personne int\u00e9ress\u00e9e de v\u00e9rifier les informations mises \u00e0 disposition et d\u2019en faire un usage appropri\u00e9.<\/p>\r\n<p>L\u2019Editeur d\u00e9cline en cons\u00e9quence toute responsabilit\u00e9 :<\/p>\r\n<ul>\r\n<li>en cas d&#8217;impr\u00e9cision, inexactitude, erreur ou omission portant sur des informations disponibles sur le site ou sur les sites de tiers r\u00e9f\u00e9renc\u00e9s \u00e0 partir des liens hypertextes ;<\/li>\r\n<li>d&#8217;une absence de disponibilit\u00e9 des informations ;<\/li>\r\n<li>pour tous dommages, directs et\/ou indirects, quelles qu&#8217;en soient les causes, origines, nature ou cons\u00e9quences, provoqu\u00e9s \u00e0 raison de l&#8217;acc\u00e8s de quiconque au site ou de l&#8217;impossibilit\u00e9 d&#8217;y acc\u00e9der ;<\/li>\r\n<\/ul>\r\n<ul>\r\n<li>de l&#8217;utilisation du site et\/ou du cr\u00e9dit accord\u00e9 \u00e0 une quelconque information provenant directement ou indirectement du site ;<\/li>\r\n<li>de d\u00e9cisions prises sur la base d&#8217;une information contenue sur le site ou sur le site de tiers r\u00e9f\u00e9renc\u00e9s \u00e0 partir des liens hypertextes, et de l&#8217;utilisation qui pourrait en \u00eatre faite par des tiers.<\/li>\r\n<\/ul>\r\n<p>&nbsp;<\/p>\r\n<p>Il est strictement interdit de mettre en place un lien hypertexte en direction du site sans l&#8217;autorisation \u00e9crite et pr\u00e9alable de l\u2019Editeur.<\/p>\r\n<p>Toute demande tendant \u00e0 cette fin doit \u00eatre adress\u00e9e \u00e0\u00a0NATIXIS INTEREPARGNE.<\/p>\r\n<p><strong>Loi informatique et libert\u00e9s et protection de la vie priv\u00e9e<\/strong><\/p>\r\n<p>Les utilisateurs de ce site sont tenus de respecter les dispositions de la loi informatique et libert\u00e9s n\u00b078-17 du 6 janvier 1978 modifi\u00e9e. Ils doivent s\u2019abstenir de toute collecte, captation, d\u00e9formation ou utilisation des informations auxquelles ils acc\u00e8dent et, d\u2019une mani\u00e8re g\u00e9n\u00e9rale, de tout acte susceptible de porter atteinte \u00e0 la vie priv\u00e9e ou \u00e0 la r\u00e9putation des personnes.<\/p>\r\n<p><strong>Donn\u00e9es personnelles<\/strong><\/p>\r\n<p>Les services disponibles sur ce site n\u00e9cessitent l\u2019introduction de donn\u00e9es personnelles. Chaque fois que vous communiquez des donn\u00e9es personnelles, Natixis Inter\u00e9pargne traite celles-ci conform\u00e9ment \u00e0 la politique d\u00e9crite ci-dessous et aux obligations l\u00e9gales relatives au traitement des donn\u00e9es personnelles.<\/p>\r\n<p>Les donn\u00e9es personnelles sont enregistr\u00e9es dans un environnement s\u00e9curis\u00e9 inaccessible au public. Elles sont recueillies \u00e0 des fins de gestion des services en ligne, de mise en \u0153uvre des prestations propos\u00e9es sur le site et, le cas \u00e9ch\u00e9ant, pour vous adresser les informations que vous souhaitez ou devez recevoir dans ce cadre. Elles pourront \u00e9galement \u00eatre utilis\u00e9es afin de permettre le respect des obligations l\u00e9gales et r\u00e9glementaires en particulier en mati\u00e8re de lutte contre la fraude, contre le blanchiment des capitaux et le financement du terrorisme.<\/p>\r\n<p>Elles sont destin\u00e9es au seul usage de Natixis Inter\u00e9pargne et de son prestataire assurant les campagnes de marketing direct de Natixis Inter\u00e9pargne \u00e0 destination des entreprises clientes et des \u00e9pargnants, situ\u00e9 aux Etats-Unis d\u2019Am\u00e9rique. Ce destinataire aura communication des seules informations suivantes : Etat civil, identit\u00e9, donn\u00e9es d\u2019identification et informations d\u2019ordre \u00e9conomique et financier. Les garanties suivantes ont \u00e9t\u00e9 prises pour s\u2019assurer d\u2019un niveau de protection suffisant des donn\u00e9es personnelles : clauses contractuelles types \u00e9labor\u00e9es par la Commission Europ\u00e9enne.<\/p>\r\n<p>A d\u00e9faut d\u2019opposition du titulaire des donn\u00e9es concern\u00e9es pour des motifs l\u00e9gitimes, Natixis Inter\u00e9pargne est autoris\u00e9e, de convention expresse, \u00e0 les communiquer aux m\u00eames fins \u00e0 ses autres prestataires. Ces donn\u00e9es ne sont pas conserv\u00e9es plus longtemps que ne l\u2019exige la fourniture du service concern\u00e9 ou l\u2019utilisation de la fonction concern\u00e9e.<\/p>\r\n<p>L\u2019utilisateur qui communique ses donn\u00e9es personnelles autorise express\u00e9ment Natixis Inter\u00e9pargne \u00e0 traiter ces donn\u00e9es aux fins pr\u00e9cit\u00e9es. En application de la loi n\u00b0 78-17 du 6 janvier 1978 modifi\u00e9e relative \u00e0 l&#8217;informatique, aux fichiers et aux libert\u00e9s, le titulaire des donn\u00e9es personnelles faisant l\u2019objet du traitement dispose des droits d\u2019acc\u00e8s, de rectification, d\u2019opposition, de limitation, de retrait du consentement (si donn\u00e9), d\u2019effacement pour motifs l\u00e9gitimes, \u00e0 la portabilit\u00e9, \u00e0 communiquer des instructions sur le sort de ses donn\u00e9es personnelles en cas de d\u00e9c\u00e8s.<\/p>\r\n<p>Pour exercer ce droit, il doit nous contacter par courrier adress\u00e9 au si\u00e8ge social de Natixis Inter\u00e9pargne, \u00e0 l\u2019adresse suivante\u00a0: D\u00e9l\u00e9gu\u00e9 \u00e0 la Protection des Donn\u00e9es Natixis Inter\u00e9pargne &#8211; 30, avenue Pierre Mend\u00e8s France 75013 PARIS ou\u00a0<a href=\"mailto:relais-cnil-interepargne@natixis.com\">relais-cnil-interepargne@natixis.com<\/a>.<\/p>\r\n<p><a title=\"Notice d'information\" href=\"https:\/\/epargnants.interepargne.natixis.fr\/gl\/files\/msg_info\/Notice_information_donnees_personnelles_NIE.pdf\" target=\"_blank\" rel=\"noopener noreferrer\">T\u00e9l\u00e9charger la notice d\u2019information<\/a><\/p>\r\n<p><strong><a name=\"cookie\"><\/a>Cookies \u2013 traceurs<\/strong><\/p>\r\n<p>Un cookie est un mini-fichier contenant quelques lignes de caract\u00e8res alphanum\u00e9riques plac\u00e9 sur votre disque dur par le serveur du site ou de l\u2019application mobile que vous visitez, ou par un serveur tiers (par exemple un service de web analytique),<\/p>\r\n<p>Il contient plusieurs donn\u00e9es :<\/p>\r\n<ul>\r\n<li>le nom du serveur qui l\u2019a d\u00e9pos\u00e9 ;<\/li>\r\n<li>un identifiant sous forme de num\u00e9ro unique,<\/li>\r\n<li>\u00e9ventuellement une date d\u2019expiration.<\/li>\r\n<\/ul>\r\n<p>&nbsp;<\/p>\r\n<p>Les cookies servent \u00e0 faciliter la navigation et \u00e0 rationaliser les proc\u00e9dures d\u2019enregistrement ou de mesure d\u2019audience.<\/p>\r\n<p>Le site de NATIXIS INTEREPARGNE utilise ponctuellement des cookies.<\/p>\r\n<p>Ainsi, lorsque vous visitez le site pour chercher, lire ou t\u00e9l\u00e9charger de l\u2019information, certains renseignements vous concernant peuvent \u00eatre recueillis, tels le nom du domaine et de l\u2019ordinateur h\u00f4te \u00e0 partir duquel vous naviguez sur internet, l\u2019adresse du protocole internet (IP) de l\u2019ordinateur utilis\u00e9, la date et l\u2019heure de la navigation et les URL \u00e0 partir desquelles vous \u00eates pass\u00e9. Ces renseignements sont utilis\u00e9s pour analyser et mesurer la fr\u00e9quentation du site et pour aider \u00e0 la rendre plus utile. Ils sont d\u00e9truits apr\u00e8s un certain temps.<\/p>\r\n<p>Les navigateurs acceptent par d\u00e9faut les cookies. Cependant, vous avez la possibilit\u00e9 de modifier les options de navigation pour choisir de n\u2019accepter aucun cookie (pour plus d\u2019information :<\/p>\r\n<p>http:\/\/www.cnil.fr\/vos-libertes\/vos-traces\/les cookies\/<\/p>\r\n<p><strong>Propri\u00e9t\u00e9 intellectuelle<\/strong><\/p>\r\n<p>L&#8217;ensemble des contenus (textes, sons, marques, logos, photographies, etc.), figurant sur les pages de ce site sont la propri\u00e9t\u00e9 exclusive de l\u2019Editeur. Toute reproduction, repr\u00e9sentation, diffusion ou extraction non autoris\u00e9e, en tout ou partie, du contenu du site constituerait une contrefa\u00e7on des droits de propri\u00e9t\u00e9 intellectuelle de l\u2019Editeur susceptible d&#8217;engager la responsabilit\u00e9 civile et p\u00e9nale du contrefacteur.<\/p>\r\n<p><strong>Droit applicable<\/strong><\/p>\r\n<p>Ce site est soumis \u00e0 la loi fran\u00e7aise.<\/p>\r\n<p><strong>Cr\u00e9dits photos<\/strong><\/p>\r\n<p>Source : iStock, abonnement Natixis Inter\u00e9pargne, Collection Essentials &amp; Signature<br \/>R\u00e9f\u00e9rences\u00a0: 905746192 \u2013 951514084 &#8211; 500577531<\/p>\r\n<\/div>\r\n<\/div>\r\n<\/div>","protected":false},"excerpt":{"rendered":"Mentions l\u00e9gales Vous \u00eates actuellement connect\u00e9 au site de pr\u00e9sentation d\u2019Actiris qui est la propri\u00e9t\u00e9 exclusive de Natixis Inter\u00e9pargne. NATIXIS INTEREPARGNE se r\u00e9serve le droit de modifier ou d\u2019adapter \u00e0 tout moment les mentions l\u00e9gales (en ce compris les conditions g\u00e9n\u00e9rales d\u2019utilisation du site). Vous \u00eates donc invit\u00e9s \u00e0 les consulter r\u00e9guli\u00e8rement. D\u00e9nomination sociale\u00a0:\u00a0Natixis Inter\u00e9pargne, [&hellip;]","protected":false},"author":1,"featured_media":0,"parent":0,"menu_order":0,"comment_status":"closed","ping_status":"closed","template":"","meta":{"footnotes":"","_expiration-date-status":"","_expiration-date":0,"_expiration-date-type":"","_expiration-date-categories":[],"_expiration-date-options":[]},"translation":{"provider":"WPGlobus","version":"2.10.6","language":"fr","enabled_languages":["en","fr"],"languages":{"en":{"title":true,"content":true,"excerpt":false},"fr":{"title":true,"content":true,"excerpt":false}}},"acf":[],"yoast_head":"<!-- This site is optimized with the Yoast SEO plugin v23.0 - https:\/\/yoast.com\/wordpress\/plugins\/seo\/ -->\n<title>Mentions l\u00e9gales<\/title>\n<meta name=\"robots\" content=\"index, follow, max-snippet:-1, max-image-preview:large, max-video-preview:-1\" \/>\n<link rel=\"canonical\" href=\"https:\/\/actiris.interepargne.natixis.com\/privacy-policy\/\" \/>\n<meta property=\"og:locale\" content=\"en_US\" \/>\n<meta property=\"og:type\" content=\"article\" \/>\n<meta property=\"og:title\" content=\"Mentions l\u00e9gales\" \/>\n<meta property=\"og:url\" content=\"https:\/\/actiris.interepargne.natixis.com\/privacy-policy\/\" \/>\n<meta property=\"og:site_name\" content=\"Actiris\" \/>\n<meta property=\"article:modified_time\" content=\"2023-09-22T13:50:44+00:00\" \/>\n<meta name=\"twitter:card\" content=\"summary_large_image\" \/>\n<meta name=\"twitter:label1\" content=\"Est. reading time\" \/>\n\t<meta name=\"twitter:data1\" content=\"16 minutes\" \/>\n<script type=\"application\/ld+json\" class=\"yoast-schema-graph\">{\"@context\":\"https:\/\/schema.org\",\"@graph\":[{\"@type\":\"WebPage\",\"@id\":\"https:\/\/actiris.interepargne.natixis.com\/privacy-policy\/\",\"url\":\"https:\/\/actiris.interepargne.natixis.com\/privacy-policy\/\",\"name\":\"Mentions l\u00e9gales\",\"isPartOf\":{\"@id\":\"https:\/\/actiris.interepargne.natixis.com\/#website\"},\"datePublished\":\"2021-01-08T14:19:30+00:00\",\"dateModified\":\"2023-09-22T13:50:44+00:00\",\"description\":\"Natixis Inter\u00e9pargne, le leader de l'\u00e9pargne salariale et de l'investissement socialement responsable en France\",\"breadcrumb\":{\"@id\":\"https:\/\/actiris.interepargne.natixis.com\/privacy-policy\/#breadcrumb\"},\"inLanguage\":\"en-US\",\"potentialAction\":[{\"@type\":\"ReadAction\",\"target\":[\"https:\/\/actiris.interepargne.natixis.com\/privacy-policy\/\"]}]},{\"@type\":\"BreadcrumbList\",\"@id\":\"https:\/\/actiris.interepargne.natixis.com\/privacy-policy\/#breadcrumb\",\"itemListElement\":[{\"@type\":\"ListItem\",\"position\":1,\"name\":\"Home\",\"item\":\"https:\/\/actiris.interepargne.natixis.com\/\"},{\"@type\":\"ListItem\",\"position\":2,\"name\":\"{:en}Legal Notice{:}{:fr}Mentions l\u00e9gales{:}\"}]},{\"@type\":\"WebSite\",\"@id\":\"https:\/\/actiris.interepargne.natixis.com\/#website\",\"url\":\"https:\/\/actiris.interepargne.natixis.com\/\",\"name\":\"Actiris\",\"description\":\"\",\"publisher\":{\"@id\":\"https:\/\/actiris.interepargne.natixis.com\/#organization\"},\"potentialAction\":[{\"@type\":\"SearchAction\",\"target\":{\"@type\":\"EntryPoint\",\"urlTemplate\":\"https:\/\/actiris.interepargne.natixis.com\/?s={search_term_string}\"},\"query-input\":\"required name=search_term_string\"}],\"inLanguage\":\"en-US\"},{\"@type\":\"Organization\",\"@id\":\"https:\/\/actiris.interepargne.natixis.com\/#organization\",\"name\":\"Actiris\",\"url\":\"https:\/\/actiris.interepargne.natixis.com\/\",\"logo\":{\"@type\":\"ImageObject\",\"inLanguage\":\"en-US\",\"@id\":\"https:\/\/actiris.interepargne.natixis.com\/#\/schema\/logo\/image\/\",\"url\":\"https:\/\/actiris.interepargne.natixis.com\/wp-content\/uploads\/sites\/2\/2021\/01\/logo_actiris.png\",\"contentUrl\":\"https:\/\/actiris.interepargne.natixis.com\/wp-content\/uploads\/sites\/2\/2021\/01\/logo_actiris.png\",\"width\":175,\"height\":50,\"caption\":\"Actiris\"},\"image\":{\"@id\":\"https:\/\/actiris.interepargne.natixis.com\/#\/schema\/logo\/image\/\"}}]}<\/script>\n<!-- \/ Yoast SEO plugin. -->","yoast_head_json":{"title":"Mentions l\u00e9gales","robots":{"index":"index","follow":"follow","max-snippet":"max-snippet:-1","max-image-preview":"max-image-preview:large","max-video-preview":"max-video-preview:-1"},"canonical":"https:\/\/actiris.interepargne.natixis.com\/privacy-policy\/","og_locale":"en_US","og_type":"article","og_title":"Mentions l\u00e9gales","og_url":"https:\/\/actiris.interepargne.natixis.com\/privacy-policy\/","og_site_name":"Actiris","article_modified_time":"2023-09-22T13:50:44+00:00","twitter_card":"summary_large_image","twitter_misc":{"Est. reading time":"16 minutes"},"schema":{"@context":"https:\/\/schema.org","@graph":[{"@type":"WebPage","@id":"https:\/\/actiris.interepargne.natixis.com\/privacy-policy\/","url":"https:\/\/actiris.interepargne.natixis.com\/privacy-policy\/","name":"Mentions l\u00e9gales","isPartOf":{"@id":"https:\/\/actiris.interepargne.natixis.com\/#website"},"datePublished":"2021-01-08T14:19:30+00:00","dateModified":"2023-09-22T13:50:44+00:00","description":"Natixis Inter\u00e9pargne, le leader de l'\u00e9pargne salariale et de l'investissement socialement responsable en France","breadcrumb":{"@id":"https:\/\/actiris.interepargne.natixis.com\/privacy-policy\/#breadcrumb"},"inLanguage":"en-US","potentialAction":[{"@type":"ReadAction","target":["https:\/\/actiris.interepargne.natixis.com\/privacy-policy\/"]}]},{"@type":"BreadcrumbList","@id":"https:\/\/actiris.interepargne.natixis.com\/privacy-policy\/#breadcrumb","itemListElement":[{"@type":"ListItem","position":1,"name":"Home","item":"https:\/\/actiris.interepargne.natixis.com\/"},{"@type":"ListItem","position":2,"name":"{:en}Legal Notice{:}{:fr}Mentions l\u00e9gales{:}"}]},{"@type":"WebSite","@id":"https:\/\/actiris.interepargne.natixis.com\/#website","url":"https:\/\/actiris.interepargne.natixis.com\/","name":"Actiris","description":"","publisher":{"@id":"https:\/\/actiris.interepargne.natixis.com\/#organization"},"potentialAction":[{"@type":"SearchAction","target":{"@type":"EntryPoint","urlTemplate":"https:\/\/actiris.interepargne.natixis.com\/?s={search_term_string}"},"query-input":"required name=search_term_string"}],"inLanguage":"en-US"},{"@type":"Organization","@id":"https:\/\/actiris.interepargne.natixis.com\/#organization","name":"Actiris","url":"https:\/\/actiris.interepargne.natixis.com\/","logo":{"@type":"ImageObject","inLanguage":"en-US","@id":"https:\/\/actiris.interepargne.natixis.com\/#\/schema\/logo\/image\/","url":"https:\/\/actiris.interepargne.natixis.com\/wp-content\/uploads\/sites\/2\/2021\/01\/logo_actiris.png","contentUrl":"https:\/\/actiris.interepargne.natixis.com\/wp-content\/uploads\/sites\/2\/2021\/01\/logo_actiris.png","width":175,"height":50,"caption":"Actiris"},"image":{"@id":"https:\/\/actiris.interepargne.natixis.com\/#\/schema\/logo\/image\/"}}]}},"_links":{"self":[{"href":"https:\/\/actiris.interepargne.natixis.com\/fr\/wp-json\/wp\/v2\/pages\/51"}],"collection":[{"href":"https:\/\/actiris.interepargne.natixis.com\/fr\/wp-json\/wp\/v2\/pages"}],"about":[{"href":"https:\/\/actiris.interepargne.natixis.com\/fr\/wp-json\/wp\/v2\/types\/page"}],"author":[{"embeddable":true,"href":"https:\/\/actiris.interepargne.natixis.com\/fr\/wp-json\/wp\/v2\/users\/1"}],"replies":[{"embeddable":true,"href":"https:\/\/actiris.interepargne.natixis.com\/fr\/wp-json\/wp\/v2\/comments?post=51"}],"version-history":[{"count":20,"href":"https:\/\/actiris.interepargne.natixis.com\/fr\/wp-json\/wp\/v2\/pages\/51\/revisions"}],"predecessor-version":[{"id":414,"href":"https:\/\/actiris.interepargne.natixis.com\/fr\/wp-json\/wp\/v2\/pages\/51\/revisions\/414"}],"wp:attachment":[{"href":"https:\/\/actiris.interepargne.natixis.com\/fr\/wp-json\/wp\/v2\/media?parent=51"}],"curies":[{"name":"wp","href":"https:\/\/api.w.org\/{rel}","templated":true}]}}