{"id":35,"date":"2021-01-08T14:14:42","date_gmt":"2021-01-08T14:14:42","guid":{"rendered":"https:\/\/actiris.interepargne.natixis.com\/?page_id=35"},"modified":"2021-01-19T19:07:23","modified_gmt":"2021-01-19T19:07:23","slug":"ask-for-a-demo","status":"publish","type":"page","link":"https:\/\/actiris.interepargne.natixis.com\/fr\/ask-for-a-demo\/","title":{"rendered":"Actionnariat salari\u00e9 : Demander une d\u00e9mo ? &#8211; Contactez Natixis Inter\u00e9pargne"},"content":{"rendered":"<h1 class=\"title-cnt padding-100-tb\"><span>Contactez-nous<\/span><\/h1>\r\n\n<div class=\"wpcf7 no-js\" id=\"wpcf7-f100-o1\" lang=\"en-US\" dir=\"ltr\">\n<div class=\"screen-reader-response\"><p role=\"status\" aria-live=\"polite\" aria-atomic=\"true\"><\/p> <ul><\/ul><\/div>\n<form action=\"\/fr\/wp-json\/wp\/v2\/pages\/35#wpcf7-f100-o1\" method=\"post\" class=\"wpcf7-form init\" aria-label=\"Contact form\" novalidate=\"novalidate\" data-status=\"init\">\n<div style=\"display: none;\">\n<input type=\"hidden\" name=\"_wpcf7\" value=\"100\" \/>\n<input type=\"hidden\" name=\"_wpcf7_version\" value=\"5.9.7\" \/>\n<input type=\"hidden\" name=\"_wpcf7_locale\" value=\"en_US\" \/>\n<input type=\"hidden\" name=\"_wpcf7_unit_tag\" value=\"wpcf7-f100-o1\" \/>\n<input type=\"hidden\" name=\"_wpcf7_container_post\" value=\"0\" \/>\n<input type=\"hidden\" name=\"_wpcf7_posted_data_hash\" value=\"\" \/>\n<input type=\"hidden\" name=\"_wpcf7_recaptcha_response\" value=\"\" \/>\n<\/div>\n<div class=\"row form-group col-xs-12 \">\n\t<div class=\"select-design text-left\">\n\t\t<div class=\"form-group\">\n\t\t\t<div class=\"select\">\n\t\t\t\t<p><select class=\"form-control\"> \n <option>Demander une d\u00e9mo<\/option>\n <option>Une question ?<\/option> \n <\/select>\n\t\t\t\t<\/p>\n\t\t\t<\/div>\n\t\t<\/div>\n\t<\/div>\n<\/div>\n<div class=\"row form-group col-xs-12\">\n\t<div class=\"input-design text-left\">\n\t\t<div class=\"form-check form-check-inline radio-button border-b\">\n\t\t\t<legend class=\"col-form-label col-xs-2  legend-civ\">Civilit\u00e9*\n\t\t\t<\/legend>\n\t\t\t<div class=\"ui-radio form-check\">\n\t\t\t\t<p><label class=\"form-check-label\" for=\"civilite_1\">M.<\/label><br \/>\n<input class=\"form-check-input\" type=\"radio\" value=\"M\" name=\"civilite\" id=\"civilite_1\" required=\"\" \/>\n\t\t\t\t<\/p>\n\t\t\t\t<div class=\"check\">\n\t\t\t\t<\/div>\n\t\t\t<\/div>\n\t\t\t<div class=\"ui-radio form-check\">\n\t\t\t\t<p><label class=\"form-check-label\" for=\"civilite_2\">Mme<\/label><br \/>\n<input class=\"form-check-input\" type=\"radio\" value=\"Mme\" name=\"civilite\" id=\"civilite_2\" \/>\n\t\t\t\t<\/p>\n\t\t\t\t<div class=\"check\">\n\t\t\t\t<\/div>\n\t\t\t<\/div>\n\t\t\t<p><label class=\"form-check-label\" for=\"civilite\"><\/label>\n\t\t\t<\/p>\n\t\t<\/div>\n\t<\/div>\n<\/div>\n<div class=\"row form-group\">\n\t<div class=\"input-design col-md-6 col-xs-12\">\n\t\t<div class=\"input-effect\">\n\t\t\t<p><span class=\"wpcf7-form-control-wrap\" data-name=\"nom\"><input size=\"40\" maxlength=\"400\" class=\"wpcf7-form-control wpcf7-text wpcf7-validates-as-required effect\" id=\"prenom\" aria-required=\"true\" aria-invalid=\"false\" placeholder=\"Nom *\" value=\"\" type=\"text\" name=\"nom\" \/><\/span><br \/>\n<span class=\"focus-border\"><\/span>\n\t\t\t<\/p>\n\t\t<\/div>\n\t<\/div>\n\t<div class=\"input-design col-md-6 col-xs-12 \">\n\t\t<div class=\"input-effect\">\n\t\t\t<p><span class=\"wpcf7-form-control-wrap\" data-name=\"prenom\"><input size=\"40\" maxlength=\"400\" class=\"wpcf7-form-control wpcf7-text wpcf7-validates-as-required effect\" aria-required=\"true\" aria-invalid=\"false\" placeholder=\"Pr\u00e9nom *\" value=\"\" type=\"text\" name=\"prenom\" \/><\/span><br \/>\n<span class=\"focus-border\"><\/span>\n\t\t\t<\/p>\n\t\t<\/div>\n\t<\/div>\n<\/div>\n<div class=\"row form-group\">\n\t<div class=\"input-design col-md-6 col-xs-12\">\n\t\t<div class=\"input-effect\">\n\t\t\t<p><span class=\"wpcf7-form-control-wrap\" data-name=\"email\"><input size=\"40\" maxlength=\"400\" class=\"wpcf7-form-control wpcf7-email wpcf7-validates-as-required wpcf7-text wpcf7-validates-as-email effect\" id=\"email\" aria-required=\"true\" aria-invalid=\"false\" placeholder=\"Votre email *\" value=\"\" type=\"email\" name=\"email\" \/><\/span><br \/>\n<span class=\"focus-border\"><\/span>\n\t\t\t<\/p>\n\t\t<\/div>\n\t<\/div>\n\t<div class=\"input-design col-md-6 col-xs-12\">\n\t\t<div class=\"input-effect\">\n\t\t\t<p><span class=\"wpcf7-form-control-wrap\" data-name=\"telephone\"><input size=\"40\" maxlength=\"400\" class=\"wpcf7-form-control wpcf7-tel wpcf7-validates-as-required wpcf7-text wpcf7-validates-as-tel effect\" id=\"telephone\" aria-required=\"true\" aria-invalid=\"false\" placeholder=\"T\u00e9l\u00e9phone *\" value=\"\" type=\"tel\" name=\"telephone\" \/><\/span><br \/>\n<span class=\"focus-border\"><\/span>\n\t\t\t<\/p>\n\t\t<\/div>\n\t<\/div>\n<\/div>\n<div class=\"row form-group\">\n\t<div class=\"input-design col-md-6 col-xs-12 \">\n\t\t<div class=\"input-effect\">\n\t\t\t<p><span class=\"wpcf7-form-control-wrap\" data-name=\"nomDeVotreEntreprise\"><input size=\"40\" maxlength=\"400\" class=\"wpcf7-form-control wpcf7-text wpcf7-validates-as-required effect\" id=\"nomDeVotreEntreprise\" aria-required=\"true\" aria-invalid=\"false\" placeholder=\"Nom de votre entreprise *\" value=\"\" type=\"text\" name=\"nomDeVotreEntreprise\" \/><\/span><br \/>\n<span class=\"focus-border\"><\/span>\n\t\t\t<\/p>\n\t\t<\/div>\n\t<\/div>\n\t<div class=\"input-design col-md-6 col-xs-12 \">\n\t\t<div class=\"input-effect\">\n\t\t\t<p><span class=\"wpcf7-form-control-wrap\" data-name=\"yourJobTitle\"><input size=\"40\" maxlength=\"400\" class=\"wpcf7-form-control wpcf7-text wpcf7-validates-as-required effect\" id=\"yourJobTitle\" aria-required=\"true\" aria-invalid=\"false\" placeholder=\"Votre fonction dans l&#039;entreprise *\" value=\"\" type=\"text\" name=\"yourJobTitle\" \/><\/span><br \/>\n<span class=\"focus-border\"><\/span>\n\t\t\t<\/p>\n\t\t<\/div>\n\t<\/div>\n<\/div>\n<div class=\"row form-group col-xs-12\">\n\t<div class=\"input-design text-left\">\n\t\t<div class=\"form-check form-check-inline radio-button\">\n\t\t\t<legend class=\"col-form-label col-sm-5  pt-10\">\u00cates-vous client Natixis Inter\u00e9pargne ? *\n\t\t\t<\/legend>\n\t\t\t<div class=\"ui-radio form-check\">\n\t\t\t\t<p><label class=\"form-check-label\" for=\"client1\">Oui<\/label><br \/>\n<input type=\"radio\" class=\"form-check-input\" name=\"client\" value=\"true\" checked=\"checked\" id=\"client1\" \/>\n\t\t\t\t<\/p>\n\t\t\t\t<div class=\"check\">\n\t\t\t\t<\/div>\n\t\t\t<\/div>\n\t\t\t<div class=\"ui-radio form-check\">\n\t\t\t\t<p><label class=\"form-check-label\" for=\"client2\">Non<\/label><br \/>\n<input type=\"radio\" class=\"form-check-input\" name=\"client\" value=\"false\" checked=\"checked\" id=\"client2\" \/>\n\t\t\t\t<\/p>\n\t\t\t\t<div class=\"check\">\n\t\t\t\t<\/div>\n\t\t\t<\/div>\n\t\t<\/div>\n\t<\/div>\n<\/div>\n<div class=\"row form-group text-left\">\n\t<div class=\"col-xs-12 text-left clearfix\">\n\t\t<p><span class=\"wpcf7-form-control-wrap\" data-name=\"message\"><textarea cols=\"40\" rows=\"10\" maxlength=\"2000\" class=\"wpcf7-form-control wpcf7-textarea col-xs-12\" id=\"multiline-message\" aria-invalid=\"false\" name=\"message\">Bonjour,\nJe souhaite avoir plus d&#039;informations sur l&#039;outil Actiris.\nVoici mes disponibilit\u00e9s afin de me recontacter :\nCordialement<\/textarea><\/span>\n\t\t<\/p>\n\t<\/div>\n\t<div class=\"col-xs-12 hidden clearfix\">\n\t\t<p><small>Les champs suivis d'un ast\u00e9risque (*) sont obligatoires.<\/small>\n\t\t<\/p>\n\t<\/div>\n\t<div class=\"col-xs-12  clearfix cnil\">\n\t\t<p><small><br \/>\nEn vertu de la loi Informatique et Libert\u00e9s du 06\/01\/1978 modifi\u00e9e, vous disposez d'un droit individuel d\u2019acc\u00e8s, de rectification, d\u2019opposition, de limitation, de retrait du consentement (si donn\u00e9), d\u2019effacement pour motifs l\u00e9gitimes, \u00e0 la portabilit\u00e9, \u00e0 communiquer des instructions sur le sort de vos donn\u00e9es personnelles en cas de d\u00e9c\u00e8s. Pour exercer ce droit, veuillez nous contacter par courrier adress\u00e9 au si\u00e8ge social de Natixis Inter\u00e9pargne \u00e0 l\u2019adresse suivante : 30, avenue Pierre-Mend\u00e8s France \u2013 75013 PARIS, ou relais-cnil-interepargne@natixis.com. Vous pouvez \u00e9galement exercer une r\u00e9clamation aupr\u00e8s de l\u2019autorit\u00e9 comp\u00e9tente.<br \/>\n<\/small>\n\t\t<\/p>\n\t<\/div>\n<\/div>\n<div class=\"wpcf7-response-output\" aria-hidden=\"true\"><\/div>\n<div class=\"max-width text-center xs-pt-20 style-footer\">\n\t<p><span class=\"wpcf7-form-control-wrap\" data-name=\"hcap-cf7\">\t\t<input\n\t\t\t\ttype=\"hidden\"\n\t\t\t\tclass=\"hcaptcha-widget-id\"\n\t\t\t\tname=\"hcaptcha-widget-id\"\n\t\t\t\tvalue=\"eyJzb3VyY2UiOlsiY29udGFjdC1mb3JtLTdcL3dwLWNvbnRhY3QtZm9ybS03LnBocCJdLCJmb3JtX2lkIjoxMDB9-f74a3643f6a816a95e52c166fbd112fb\">\n\t\t\t\t<span id=\"hcap_cf7-69f3d7a6f30815.61405365\" class=\"wpcf7-form-control h-captcha \"\n\t\t\t\tdata-sitekey=\"b5bfda2e-743c-4232-9352-d12f478dc594\"\n\t\t\t\tdata-theme=\"light\"\n\t\t\t\tdata-size=\"normal\"\n\t\t\t\tdata-auto=\"false\"\n\t\t\t\tdata-force=\"false\">\n\t\t<\/span>\n\t\t<input type=\"hidden\" id=\"_wpnonce\" name=\"_wpnonce\" value=\"6d89012333\" \/><input type=\"hidden\" name=\"_wp_http_referer\" value=\"\/fr\/wp-json\/wp\/v2\/pages\/35\" \/><\/span><input class=\"wpcf7-form-control wpcf7-submit has-spinner primary-btn\" id=\"opCreate\" type=\"submit\" value=\"Envoyer\" \/>\n\t<\/p>\n<\/div>\n<\/form>\n<\/div>\n","protected":false},"excerpt":{"rendered":"Contactez-nous","protected":false},"author":1,"featured_media":0,"parent":0,"menu_order":0,"comment_status":"closed","ping_status":"closed","template":"page-templates\/template_contact.php","meta":{"footnotes":"","_expiration-date-status":"","_expiration-date":0,"_expiration-date-type":"","_expiration-date-categories":[],"_expiration-date-options":[]},"translation":{"provider":"WPGlobus","version":"2.10.6","language":"fr","enabled_languages":["en","fr"],"languages":{"en":{"title":true,"content":true,"excerpt":false},"fr":{"title":true,"content":true,"excerpt":false}}},"acf":[],"yoast_head":"<!-- This site is optimized with the Yoast SEO plugin v23.0 - https:\/\/yoast.com\/wordpress\/plugins\/seo\/ -->\n<title>Actionnariat salari\u00e9 : Demander une d\u00e9mo ? - Contactez Natixis Inter\u00e9pargne<\/title>\n<meta name=\"robots\" content=\"index, follow, max-snippet:-1, max-image-preview:large, max-video-preview:-1\" \/>\n<link rel=\"canonical\" href=\"https:\/\/actiris.interepargne.natixis.com\/ask-for-a-demo\/\" \/>\n<meta property=\"og:locale\" content=\"en_US\" \/>\n<meta property=\"og:type\" content=\"article\" \/>\n<meta property=\"og:title\" content=\"Actionnariat salari\u00e9 : Demander une d\u00e9mo ? - Contactez Natixis Inter\u00e9pargne\" \/>\n<meta property=\"og:url\" content=\"https:\/\/actiris.interepargne.natixis.com\/ask-for-a-demo\/\" \/>\n<meta property=\"og:site_name\" content=\"Actiris\" \/>\n<meta property=\"article:modified_time\" content=\"2021-01-19T19:07:23+00:00\" \/>\n<meta name=\"twitter:card\" content=\"summary_large_image\" \/>\n<script type=\"application\/ld+json\" class=\"yoast-schema-graph\">{\"@context\":\"https:\/\/schema.org\",\"@graph\":[{\"@type\":\"WebPage\",\"@id\":\"https:\/\/actiris.interepargne.natixis.com\/ask-for-a-demo\/\",\"url\":\"https:\/\/actiris.interepargne.natixis.com\/ask-for-a-demo\/\",\"name\":\"Actionnariat salari\u00e9 : Demander une d\u00e9mo ? - Contactez Natixis Inter\u00e9pargne\",\"isPartOf\":{\"@id\":\"https:\/\/actiris.interepargne.natixis.com\/#website\"},\"datePublished\":\"2021-01-08T14:14:42+00:00\",\"dateModified\":\"2021-01-19T19:07:23+00:00\",\"description\":\"Natixis Inter\u00e9pargne, le leader de l'\u00e9pargne salariale et de l'investissement socialement responsable en France\",\"breadcrumb\":{\"@id\":\"https:\/\/actiris.interepargne.natixis.com\/ask-for-a-demo\/#breadcrumb\"},\"inLanguage\":\"en-US\",\"potentialAction\":[{\"@type\":\"ReadAction\",\"target\":[\"https:\/\/actiris.interepargne.natixis.com\/ask-for-a-demo\/\"]}]},{\"@type\":\"BreadcrumbList\",\"@id\":\"https:\/\/actiris.interepargne.natixis.com\/ask-for-a-demo\/#breadcrumb\",\"itemListElement\":[{\"@type\":\"ListItem\",\"position\":1,\"name\":\"Home\",\"item\":\"https:\/\/actiris.interepargne.natixis.com\/\"},{\"@type\":\"ListItem\",\"position\":2,\"name\":\"Formulaire-Contact-ACT | Natixis inter\u00e9pargne\"}]},{\"@type\":\"WebSite\",\"@id\":\"https:\/\/actiris.interepargne.natixis.com\/#website\",\"url\":\"https:\/\/actiris.interepargne.natixis.com\/\",\"name\":\"Actiris\",\"description\":\"\",\"publisher\":{\"@id\":\"https:\/\/actiris.interepargne.natixis.com\/#organization\"},\"potentialAction\":[{\"@type\":\"SearchAction\",\"target\":{\"@type\":\"EntryPoint\",\"urlTemplate\":\"https:\/\/actiris.interepargne.natixis.com\/?s={search_term_string}\"},\"query-input\":\"required name=search_term_string\"}],\"inLanguage\":\"en-US\"},{\"@type\":\"Organization\",\"@id\":\"https:\/\/actiris.interepargne.natixis.com\/#organization\",\"name\":\"Actiris\",\"url\":\"https:\/\/actiris.interepargne.natixis.com\/\",\"logo\":{\"@type\":\"ImageObject\",\"inLanguage\":\"en-US\",\"@id\":\"https:\/\/actiris.interepargne.natixis.com\/#\/schema\/logo\/image\/\",\"url\":\"https:\/\/actiris.interepargne.natixis.com\/wp-content\/uploads\/sites\/2\/2021\/01\/logo_actiris.png\",\"contentUrl\":\"https:\/\/actiris.interepargne.natixis.com\/wp-content\/uploads\/sites\/2\/2021\/01\/logo_actiris.png\",\"width\":175,\"height\":50,\"caption\":\"Actiris\"},\"image\":{\"@id\":\"https:\/\/actiris.interepargne.natixis.com\/#\/schema\/logo\/image\/\"}}]}<\/script>\n<!-- \/ Yoast SEO plugin. -->","yoast_head_json":{"title":"Actionnariat salari\u00e9 : Demander une d\u00e9mo ? - Contactez Natixis Inter\u00e9pargne","robots":{"index":"index","follow":"follow","max-snippet":"max-snippet:-1","max-image-preview":"max-image-preview:large","max-video-preview":"max-video-preview:-1"},"canonical":"https:\/\/actiris.interepargne.natixis.com\/ask-for-a-demo\/","og_locale":"en_US","og_type":"article","og_title":"Actionnariat salari\u00e9 : Demander une d\u00e9mo ? - Contactez Natixis Inter\u00e9pargne","og_url":"https:\/\/actiris.interepargne.natixis.com\/ask-for-a-demo\/","og_site_name":"Actiris","article_modified_time":"2021-01-19T19:07:23+00:00","twitter_card":"summary_large_image","schema":{"@context":"https:\/\/schema.org","@graph":[{"@type":"WebPage","@id":"https:\/\/actiris.interepargne.natixis.com\/ask-for-a-demo\/","url":"https:\/\/actiris.interepargne.natixis.com\/ask-for-a-demo\/","name":"Actionnariat salari\u00e9 : Demander une d\u00e9mo ? - Contactez Natixis Inter\u00e9pargne","isPartOf":{"@id":"https:\/\/actiris.interepargne.natixis.com\/#website"},"datePublished":"2021-01-08T14:14:42+00:00","dateModified":"2021-01-19T19:07:23+00:00","description":"Natixis Inter\u00e9pargne, le leader de l'\u00e9pargne salariale et de l'investissement socialement responsable en France","breadcrumb":{"@id":"https:\/\/actiris.interepargne.natixis.com\/ask-for-a-demo\/#breadcrumb"},"inLanguage":"en-US","potentialAction":[{"@type":"ReadAction","target":["https:\/\/actiris.interepargne.natixis.com\/ask-for-a-demo\/"]}]},{"@type":"BreadcrumbList","@id":"https:\/\/actiris.interepargne.natixis.com\/ask-for-a-demo\/#breadcrumb","itemListElement":[{"@type":"ListItem","position":1,"name":"Home","item":"https:\/\/actiris.interepargne.natixis.com\/"},{"@type":"ListItem","position":2,"name":"Formulaire-Contact-ACT | Natixis inter\u00e9pargne"}]},{"@type":"WebSite","@id":"https:\/\/actiris.interepargne.natixis.com\/#website","url":"https:\/\/actiris.interepargne.natixis.com\/","name":"Actiris","description":"","publisher":{"@id":"https:\/\/actiris.interepargne.natixis.com\/#organization"},"potentialAction":[{"@type":"SearchAction","target":{"@type":"EntryPoint","urlTemplate":"https:\/\/actiris.interepargne.natixis.com\/?s={search_term_string}"},"query-input":"required name=search_term_string"}],"inLanguage":"en-US"},{"@type":"Organization","@id":"https:\/\/actiris.interepargne.natixis.com\/#organization","name":"Actiris","url":"https:\/\/actiris.interepargne.natixis.com\/","logo":{"@type":"ImageObject","inLanguage":"en-US","@id":"https:\/\/actiris.interepargne.natixis.com\/#\/schema\/logo\/image\/","url":"https:\/\/actiris.interepargne.natixis.com\/wp-content\/uploads\/sites\/2\/2021\/01\/logo_actiris.png","contentUrl":"https:\/\/actiris.interepargne.natixis.com\/wp-content\/uploads\/sites\/2\/2021\/01\/logo_actiris.png","width":175,"height":50,"caption":"Actiris"},"image":{"@id":"https:\/\/actiris.interepargne.natixis.com\/#\/schema\/logo\/image\/"}}]}},"_links":{"self":[{"href":"https:\/\/actiris.interepargne.natixis.com\/fr\/wp-json\/wp\/v2\/pages\/35"}],"collection":[{"href":"https:\/\/actiris.interepargne.natixis.com\/fr\/wp-json\/wp\/v2\/pages"}],"about":[{"href":"https:\/\/actiris.interepargne.natixis.com\/fr\/wp-json\/wp\/v2\/types\/page"}],"author":[{"embeddable":true,"href":"https:\/\/actiris.interepargne.natixis.com\/fr\/wp-json\/wp\/v2\/users\/1"}],"replies":[{"embeddable":true,"href":"https:\/\/actiris.interepargne.natixis.com\/fr\/wp-json\/wp\/v2\/comments?post=35"}],"version-history":[{"count":10,"href":"https:\/\/actiris.interepargne.natixis.com\/fr\/wp-json\/wp\/v2\/pages\/35\/revisions"}],"predecessor-version":[{"id":311,"href":"https:\/\/actiris.interepargne.natixis.com\/fr\/wp-json\/wp\/v2\/pages\/35\/revisions\/311"}],"wp:attachment":[{"href":"https:\/\/actiris.interepargne.natixis.com\/fr\/wp-json\/wp\/v2\/media?parent=35"}],"curies":[{"name":"wp","href":"https:\/\/api.w.org\/{rel}","templated":true}]}}